{"id":903,"date":"2016-03-08T14:15:51","date_gmt":"2016-03-08T12:15:51","guid":{"rendered":"https:\/\/scaasr.sistemecreative.ro\/?page_id=5"},"modified":"2021-10-29T07:58:31","modified_gmt":"2021-10-29T05:58:31","slug":"intrebari","status":"publish","type":"page","link":"https:\/\/scaasr.ro\/en\/intrebari\/","title":{"rendered":"Frequent questions"},"content":{"rendered":"<p>[et_pb_section fb_built=&#8221;1&#8243; admin_label=&#8221;section&#8221; _builder_version=&#8221;4.9.10&#8243; custom_padding=&#8221;0px||||false|false&#8221;][et_pb_row admin_label=&#8221;row&#8221; _builder_version=&#8221;3.25&#8243; background_size=&#8221;initial&#8221; background_position=&#8221;top_left&#8221; background_repeat=&#8221;repeat&#8221; hover_enabled=&#8221;0&#8243; sticky_enabled=&#8221;0&#8243;][et_pb_column type=&#8221;4_4&#8243; _builder_version=&#8221;3.25&#8243; custom_padding=&#8221;|||&#8221; custom_padding__hover=&#8221;|||&#8221;][dnxte_text_divider dnxt_divider_text=&#8221;@ET-DC@eyJkeW5hbWljIjp0cnVlLCJjb250ZW50IjoicG9zdF90aXRsZSIsInNldHRpbmdzIjp7ImJlZm9yZSI6IiIsImFmdGVyIjoiIn19@&#8221; heading_tag=&#8221;h1&#8243; text_divider_style=&#8221;groove&#8221; text_divider_color=&#8221;#EE0000&#8243; text_divider_weight=&#8221;5px&#8221; _builder_version=&#8221;4.9.10&#8243; _dynamic_attributes=&#8221;dnxt_divider_text&#8221; _module_preset=&#8221;default&#8221; dnxt_divider_fonts_font=&#8221;|700||on|||||&#8221; dnxt_divider_fonts_text_color=&#8221;#3d0000&#8243; dnxt_divider_fonts_font_size=&#8221;36px&#8221; hover_enabled=&#8221;0&#8243; animation_style=&#8221;slide&#8221; animation_direction=&#8221;top&#8221; sticky_enabled=&#8221;0&#8243;][\/dnxte_text_divider][et_pb_accordion icon_color=&#8221;#A10000&#8243; use_icon_font_size=&#8221;on&#8221; icon_font_size=&#8221;28px&#8221; _builder_version=&#8221;4.9.10&#8243; _module_preset=&#8221;default&#8221; custom_padding=&#8221;||||true|false&#8221; hover_enabled=&#8221;0&#8243; border_width_all=&#8221;0px&#8221; border_width_bottom=&#8221;1px&#8221; animation_style=&#8221;fade&#8221; sticky_enabled=&#8221;0&#8243;][et_pb_accordion_item title=&#8221;Cine poate face parte din Ritul Sco\u021bian Antic \u0219i Acceptat din Rom\u00e2nia?&#8221; open_toggle_text_color=&#8221;#A10000&#8243; open_toggle_background_color=&#8221;#FFFFFF&#8221; closed_toggle_background_color=&#8221;#ffffff&#8221; _builder_version=&#8221;4.9.10&#8243; _module_preset=&#8221;default&#8221; toggle_text_color=&#8221;#A10000&#8243; toggle_font=&#8221;|600|||||||&#8221; toggle_font_size=&#8221;18px&#8221; open=&#8221;on&#8221;]<\/p>\n<p>Din Ritul Sco\u021bian Antic \u0219i Acceptat din Rom\u00e2nia poate face parte orice Maestru Mason aflat \u00een situa\u021bie de good standing cu Marea Loj\u0103 Na\u021bional\u0103 din Rom\u00e2nia.<\/p>\n<p>[\/et_pb_accordion_item][et_pb_accordion_item title=&#8221;Cum se acord\u0103 gradele \u00een Ritul Sco\u021bian Antic \u0219i Acceptat din Rom\u00e2nia?&#8221; open=&#8221;off&#8221; open_toggle_text_color=&#8221;#A10000&#8243; open_toggle_background_color=&#8221;#FFFFFF&#8221; closed_toggle_background_color=&#8221;#ffffff&#8221; _builder_version=&#8221;4.9.10&#8243; _module_preset=&#8221;default&#8221; toggle_text_color=&#8221;#A10000&#8243; toggle_font=&#8221;|600|||||||&#8221; toggle_font_size=&#8221;18px&#8221;]<\/p>\n<p>Ritul Sco\u021bian Antic \u0219i Acceptat gestioneaz\u0103 gradele de la 4 la 33, dar confer\u0103 numai gradele: 4, 9, 14, 18, 30, 31, 32 \u0219i 33.<\/p>\n<p>Celelalte grade sunt doar comunicate Candida\u021bilor.<\/p>\n<p>[\/et_pb_accordion_item][et_pb_accordion_item title=&#8221;Cum pot s\u0103 devin membru \u00een Ritul Sco\u021bian Antic \u0219i Acceptat din Rom\u00e2nia?&#8221; open_toggle_text_color=&#8221;#A10000&#8243; open_toggle_background_color=&#8221;#FFFFFF&#8221; closed_toggle_background_color=&#8221;#ffffff&#8221; _builder_version=&#8221;4.9.10&#8243; _module_preset=&#8221;default&#8221; toggle_text_color=&#8221;#A10000&#8243; toggle_font=&#8221;|600|||||||&#8221; toggle_font_size=&#8221;18px&#8221; open=&#8221;off&#8221;]<\/p>\n<p>Mae\u0219trii masoni, membri ai Marii Loji Na\u021bionale din Romania, care doresc s\u0103 intre \u00een acest rit sunt ruga\u021bi s\u0103 contacteze Secretariatul Supremului Consiliu, utiliz\u00e2nd unul dintre mijloacele de comunicare men\u021bionate in sec\u021biunea CONTACT.<\/p>\n<p>Secretariatul Supremului Consiliu va pune la dispozi\u021bia celor interesa\u021bi toat\u0103 documenta\u021bia necesar\u0103 admiterii in Ritul Sco\u021bian.<\/p>\n<p>[\/et_pb_accordion_item][et_pb_accordion_item title=&#8221;Cum se desf\u0103\u0219oar\u0103 activitatea \u00een Ritul Sco\u021bian Antic \u0219i Acceptat?&#8221; open_toggle_text_color=&#8221;#A10000&#8243; open_toggle_background_color=&#8221;#FFFFFF&#8221; closed_toggle_background_color=&#8221;#ffffff&#8221; _builder_version=&#8221;4.9.10&#8243; _module_preset=&#8221;default&#8221; toggle_text_color=&#8221;#A10000&#8243; toggle_font=&#8221;|600|||||||&#8221; toggle_font_size=&#8221;18px&#8221; open=&#8221;off&#8221;]<\/p>\n<p>Ritul Sco\u021bian Antic \u0219i Acceptat \u00ee\u0219i desf\u0103\u0219oar\u0103 activitatea \u00een Loji de Perfec\u021bie (gradele 4-14), Capitule de Rosa Cruce (gradele 15-18), Consilii Kadosh (gradele 19-30) \u0219i Consistorii (gradele 31 si 32).<\/p>\n<p>&nbsp;<\/p>\n<p>[\/et_pb_accordion_item][\/et_pb_accordion][et_pb_text _builder_version=&#8221;4.9.10&#8243; _module_preset=&#8221;default&#8221; link_font=&#8221;|600|||||||&#8221; link_font_size=&#8221;16px&#8221; hover_enabled=&#8221;0&#8243; animation_style=&#8221;fade&#8221; sticky_enabled=&#8221;0&#8243;]<\/p>\n<p>Pentru alte \u00eentreb\u0103ri sau nel\u0103muriri v\u0103 suger\u0103m \u015fi pagina \u00eentre\u0163inut\u0103 de c\u0103tre <a href=\"https:\/\/scottishrite.org\/about\/questions\/\">Supremul Consiliu din Jurisdic\u021bia de Sud a Statelor Unite ale Americii, Supremul Consiliu Mama al Lumii.<\/a><\/p>\n<p>[\/et_pb_text][\/et_pb_column][\/et_pb_row][\/et_pb_section]<\/p>\n","protected":false},"excerpt":{"rendered":"<p><div class=\"et_pb_module dnxte_text_divider dnxte_text_divider_0 et_animated\">\n\t\t\t\t\n\t\t\t\t\n\t\t\t\t\n\t\t\t\t\n\t\t\t\t\n\t\t\t\t\n\t\t\t\t<div class=\"et_pb_module_inner\">\n\t\t\t\t\t<div class=\"dnxt-text-divider-wrapper  \">\r\n\t\t\t\t<div class=\"dnxt-text-divider-before dnxt-text-divider\"><\/div>\r\n\t\t\t\t<h1 class=\"dnxt-text-divider-spacing\"><\/h1>\r\n\t\t\t\t<div class=\"dnxt-text-divider-after dnxt-text-divider\"><\/div>\r\n\t\t\t<\/div>\n\t\t\t\t<\/div>\n\t\t\t<\/div>Din Ritul Sco\u021bian Antic \u0219i Acceptat din Rom\u00e2nia poate face parte orice Maestru Mason aflat \u00een situa\u021bie de good standing cu Marea Loj\u0103 Na\u021bional\u0103 din Rom\u00e2nia.Ritul Sco\u021bian Antic \u0219i Acceptat gestioneaz\u0103 gradele de la 4 la 33, dar confer\u0103 numai [&hellip;]<\/p>\n","protected":false},"author":1,"featured_media":145,"parent":0,"menu_order":0,"comment_status":"closed","ping_status":"closed","template":"","meta":{"_acf_changed":false,"_et_pb_use_builder":"on","_et_pb_old_content":"\u00centreb\u0103ri frecvente despre Ritul Sco\u021bian Antic \u0219i Acceptat din Rom\u00e2nia:\n\n&nbsp;\n<h2>Cine poate face parte din Ritul Sco\u021bian Antic \u0219i Acceptat din Rom\u00e2nia?<\/h2>\nDin Ritul Sco\u021bian Antic \u0219i Acceptat din Rom\u00e2nia poate face parte orice Maestru Mason aflat \u00een situa\u021bie de good standing cu Marea Loj\u0103 Na\u021bional\u0103 din Rom\u00e2nia.\n\n<hr \/>\n\n<h2>Cum se\u00a0acord\u0103 gradele\u00a0\u00een Ritul Sco\u021bian Antic \u0219i Acceptat din Rom\u00e2nia?<\/h2>\nRitul Sco\u021bian Antic \u0219i Acceptat gestioneaz\u0103 gradele de la 4 la 33, dar confer\u0103 numai gradele: 4, 9, 14, 18, 30, 31, 32\u00a0\u0219i 33.\n\nCelelalte grade sunt doar comunicate Candida\u021bilor.\n\n<hr \/>\n\n<h2>Cum pot s\u0103 devin membru\u00a0\u00een Ritul Sco\u021bian Antic \u0219i Acceptat din Rom\u00e2nia?<\/h2>\nMae\u0219trii masoni, membri ai Marii Loji Na\u021bionale din Romania, care doresc s\u0103 intre \u00een acest rit\u00a0sunt ruga\u021bi s\u0103 contacteze Secretariatul Supremului Consiliu, utiliz\u00e2nd unul dintre mijloacele de comunicare men\u021bionate in sec\u021biunea CONTACT.\n\nSecretariatul Supremului Consiliu va pune la dispozi\u021bia celor interesa\u021bi toat\u0103 documenta\u021bia necesar\u0103 admiterii in Ritul Sco\u021bian.\n\n<hr \/>\n\n<h2>Cum se desf\u0103\u0219oar\u0103 activitatea \u00een Ritul Sco\u021bian Antic \u0219i Acceptat?<\/h2>\nRitul Sco\u021bian Antic \u0219i Acceptat \u00ee\u0219i desf\u0103\u0219oar\u0103 activitatea \u00een Loji de Perfec\u021bie (gradele 4-14), Capitule de Rosa Cruce (gradele 15-18), Consilii Kadosh (gradele 19-30)\u00a0\u0219i Consistorii (gradele 31 si 32).\n\n<hr \/>\n\n&nbsp;\n\nPentru alte \u00eentreb\u0103ri sau nel\u0103muriri v\u0103 suger\u0103m \u015fi pagina \u00eentre\u0163inut\u0103 de c\u0103tre\u00a0<a href=\"https:\/\/scottishrite.org\/about\/questions\/\" target=\"_blank\">Supremul Consiliu din Jurisdic\u021bia de Sud a Statelor Unite ale Americii, Supremul Consiliu Mama al Lumii<\/a>.\n\n&nbsp;","_et_gb_content_width":"","footnotes":""},"class_list":["post-903","page","type-page","status-publish","has-post-thumbnail","hentry"],"acf":[],"_links":{"self":[{"href":"https:\/\/scaasr.ro\/en\/wp-json\/wp\/v2\/pages\/903","targetHints":{"allow":["GET"]}}],"collection":[{"href":"https:\/\/scaasr.ro\/en\/wp-json\/wp\/v2\/pages"}],"about":[{"href":"https:\/\/scaasr.ro\/en\/wp-json\/wp\/v2\/types\/page"}],"author":[{"embeddable":true,"href":"https:\/\/scaasr.ro\/en\/wp-json\/wp\/v2\/users\/1"}],"replies":[{"embeddable":true,"href":"https:\/\/scaasr.ro\/en\/wp-json\/wp\/v2\/comments?post=903"}],"version-history":[{"count":1,"href":"https:\/\/scaasr.ro\/en\/wp-json\/wp\/v2\/pages\/903\/revisions"}],"predecessor-version":[{"id":2401,"href":"https:\/\/scaasr.ro\/en\/wp-json\/wp\/v2\/pages\/903\/revisions\/2401"}],"wp:featuredmedia":[{"embeddable":true,"href":"https:\/\/scaasr.ro\/en\/wp-json\/wp\/v2\/media\/145"}],"wp:attachment":[{"href":"https:\/\/scaasr.ro\/en\/wp-json\/wp\/v2\/media?parent=903"}],"curies":[{"name":"wp","href":"https:\/\/api.w.org\/{rel}","templated":true}]}}