{"id":904,"date":"2016-08-23T07:13:20","date_gmt":"2016-08-23T05:13:20","guid":{"rendered":"https:\/\/scaasr.sistemecreative.ro\/?page_id=177"},"modified":"2021-10-29T07:33:20","modified_gmt":"2021-10-29T05:33:20","slug":"acasa","status":"publish","type":"page","link":"https:\/\/scaasr.ro\/en\/","title":{"rendered":"Home"},"content":{"rendered":"<p>[et_pb_section fb_built=&#8221;1&#8243; fullwidth=&#8221;on&#8221; custom_padding_last_edited=&#8221;on|phone&#8221; _builder_version=&#8221;4.10.1&#8243; _module_preset=&#8221;default&#8221; width=&#8221;80%&#8221; width_tablet=&#8221;100%&#8221; width_phone=&#8221;&#8221; width_last_edited=&#8221;on|tablet&#8221; max_width=&#8221;1280px&#8221; max_width_last_edited=&#8221;off|tablet&#8221; module_alignment=&#8221;center&#8221; custom_padding=&#8221;||||false|true&#8221; custom_padding_tablet=&#8221;&#8221; custom_padding_phone=&#8221;|0px||0px|false|true&#8221; animation_style=&#8221;slide&#8221; animation_direction=&#8221;top&#8221; global_colors_info=&#8221;{}&#8221;][et_pb_fullwidth_post_slider include_categories=&#8221;17&#8243; more_text=&#8221;Cite\u015fte&#8221; excerpt_length=&#8221;200&#8243; show_meta=&#8221;off&#8221; bg_overlay_color=&#8221;rgba(0,0,0,0.4)&#8221; arrows_custom_color=&#8221;#FFFFFF&#8221; module_class=&#8221;scaasr-hero-slideshow&#8221; _builder_version=&#8221;4.10.1&#8243; _module_preset=&#8221;default&#8221; header_font=&#8221;|700|||||||&#8221; body_font=&#8221;|600|||||||&#8221; body_font_size=&#8221;18px&#8221; background_color=&#8221;#FFFFFF&#8221; background_enable_image=&#8221;off&#8221; custom_button=&#8221;on&#8221; button_text_color=&#8221;#FFFFFF&#8221; button_border_color=&#8221;#FFFFFF&#8221; button_border_radius=&#8221;23px&#8221; button_font=&#8221;|600||on|||||&#8221; button_icon=&#8221;%%3%%&#8221; button_alignment=&#8221;center&#8221; height=&#8221;75vh&#8221; custom_padding_tablet=&#8221;&#8221; custom_padding_phone=&#8221;|0px||0px|false|true&#8221; custom_padding_last_edited=&#8221;on|phone&#8221; global_colors_info=&#8221;{}&#8221; header_text_color__hover_enabled=&#8221;on|hover&#8221; header_text_color__hover=&#8221;#ffffdd&#8221; button_border_width__hover_enabled=&#8221;off|desktop&#8221; button_border_width__hover=&#8221;0px&#8221; button_text_color__hover_enabled=&#8221;off|hover&#8221; button_text_color__hover=&#8221;#A10000&#8243; button_bg_color__hover_enabled=&#8221;on|desktop&#8221; button_bg_color__hover=&#8221;#A10000&#8243; button_bg_enable_color__hover=&#8221;on&#8221; button_border_color__hover_enabled=&#8221;on|desktop&#8221; button_border_color__hover=&#8221;#A10000&#8243;][\/et_pb_fullwidth_post_slider][\/et_pb_section][et_pb_section fb_built=&#8221;1&#8243; _builder_version=&#8221;4.10.1&#8243; _module_preset=&#8221;default&#8221; background_color=&#8221;RGBA(0,0,0,0)&#8221; custom_margin=&#8221;0px||||false|false&#8221; custom_padding=&#8221;0px||||false|false&#8221; global_colors_info=&#8221;{}&#8221;][et_pb_row column_structure=&#8221;3_5,2_5&#8243; use_custom_gutter=&#8221;on&#8221; gutter_width=&#8221;2&#8243; _builder_version=&#8221;4.10.1&#8243; _module_preset=&#8221;default&#8221; background_color=&#8221;RGBA(0,0,0,0)&#8221; width=&#8221;95%&#8221; max_width=&#8221;1280px&#8221; custom_padding=&#8221;50px||||false|false&#8221; global_colors_info=&#8221;{}&#8221;][et_pb_column type=&#8221;3_5&#8243; _builder_version=&#8221;4.10.1&#8243; _module_preset=&#8221;default&#8221; background_color=&#8221;#FFFFFF&#8221; custom_padding=&#8221;25px|25px|25px|25px|true|true&#8221; custom_padding_tablet=&#8221;|5px||5px|false|true&#8221; custom_padding_last_edited=&#8221;off|desktop&#8221; animation_style=&#8221;slide&#8221; animation_direction=&#8221;left&#8221; border_radii=&#8221;on|5px|5px|5px|5px&#8221; box_shadow_style=&#8221;preset1&#8243; global_colors_info=&#8221;{}&#8221;][et_pb_text _builder_version=&#8221;4.9.9&#8243; _module_preset=&#8221;default&#8221; header_2_font=&#8221;|600|||||||&#8221; header_2_text_color=&#8221;#4c0000&#8243; header_2_font_size=&#8221;40px&#8221; custom_margin=&#8221;0px||0px||true|false&#8221; custom_padding=&#8221;0px||0px||true|false&#8221; header_2_text_align_tablet=&#8221;center&#8221; header_2_text_align_phone=&#8221;&#8221; header_2_text_align_last_edited=&#8221;on|tablet&#8221; global_colors_info=&#8221;{}&#8221;]<\/p>\n<h2>Recomandate<\/h2>\n<p>[\/et_pb_text][dnxte_divider dnext_sid_icon_color=&#8221;#727272&#8243; dnext_sid_divider_style=&#8221;double&#8221; dnext_sid_divider_color=&#8221;#d6d6d6&#8243; dnext_sid_divider_width=&#8221;3px&#8221; _builder_version=&#8221;4.9.9&#8243; _module_preset=&#8221;default&#8221; global_colors_info=&#8221;{}&#8221;][\/dnxte_divider][et_pb_blog include_categories=&#8221;2&#8243; show_more=&#8221;on&#8221; show_author=&#8221;off&#8221; show_categories=&#8221;off&#8221; use_overlay=&#8221;on&#8221; overlay_icon_color=&#8221;#ffff00&#8243; hover_overlay_color=&#8221;rgba(0,0,0,0.4)&#8221; hover_icon=&#8221;%%71%%&#8221; module_class=&#8221;scaasr-blog-all&#8221; _builder_version=&#8221;4.9.9&#8243; _module_preset=&#8221;default&#8221; header_text_color=&#8221;#A10000&#8243; read_more_text_color=&#8221;#0000A3&#8243; header_font_size_phone=&#8221;14px&#8221; header_font_size_last_edited=&#8221;off|desktop&#8221; global_colors_info=&#8221;{}&#8221;][\/et_pb_blog][\/et_pb_column][et_pb_column type=&#8221;2_5&#8243; _builder_version=&#8221;4.10.1&#8243; _module_preset=&#8221;default&#8221; background_color=&#8221;#FFFFFF&#8221; custom_padding=&#8221;25px|25px|25px|25px|true|true&#8221; animation_style=&#8221;slide&#8221; animation_direction=&#8221;right&#8221; border_radii=&#8221;on|5px|5px|5px|5px&#8221; border_width_left=&#8221;1px&#8221; border_color_left=&#8221;#c6c6c6&#8243; box_shadow_style=&#8221;preset1&#8243; global_colors_info=&#8221;{}&#8221;][et_pb_text _builder_version=&#8221;4.10.1&#8243; _dynamic_attributes=&#8221;link_option_url&#8221; _module_preset=&#8221;default&#8221; header_2_font=&#8221;|600|||||||&#8221; header_2_text_color=&#8221;#4c0000&#8243; header_2_font_size=&#8221;40px&#8221; module_alignment=&#8221;center&#8221; custom_margin=&#8221;0px||0px||true|false&#8221; custom_padding=&#8221;0px||0px||true|false&#8221; link_option_url=&#8221;@ET-DC@eyJkeW5hbWljIjp0cnVlLCJjb250ZW50IjoicG9zdF9saW5rX3VybF9wb3N0Iiwic2V0dGluZ3MiOnsicG9zdF9pZCI6IiJ9fQ==@&#8221; header_2_text_align_tablet=&#8221;center&#8221; header_2_text_align_phone=&#8221;&#8221; header_2_text_align_last_edited=&#8221;on|tablet&#8221; global_colors_info=&#8221;{}&#8221; content__hover_enabled=&#8221;off|desktop&#8221; content__hover=&#8221;<\/p>\n<h2><span style=%22text-decoration: underline;%22><a href=%22pagina\/noutati\/%22>Nout\u0103\u0163i<\/a><\/span><\/h2>\n<p>&#8222;]<\/p>\n<h2><a href=\"pagina\/noutati\/\">Nout\u0103\u0163i<\/a><\/h2>\n<p>[\/et_pb_text][dnxte_divider dnext_sid_icon_color=&#8221;#727272&#8243; dnext_sid_divider_style=&#8221;double&#8221; dnext_sid_divider_color=&#8221;#d6d6d6&#8243; dnext_sid_divider_width=&#8221;3px&#8221; _builder_version=&#8221;4.9.9&#8243; _module_preset=&#8221;default&#8221; global_colors_info=&#8221;{}&#8221;][\/dnxte_divider][et_pb_blog posts_number=&#8221;3&#8243; include_categories=&#8221;5&#8243; excerpt_length=&#8221;150&#8243; show_author=&#8221;off&#8221; show_date=&#8221;off&#8221; show_categories=&#8221;off&#8221; show_pagination=&#8221;off&#8221; use_overlay=&#8221;on&#8221; overlay_icon_color=&#8221;#ffff00&#8243; hover_overlay_color=&#8221;rgba(0,0,0,0.4)&#8221; hover_icon=&#8221;%%71%%&#8221; module_class=&#8221;scaasr-blog-all scaasr-blog-side&#8221; _builder_version=&#8221;4.9.10&#8243; _module_preset=&#8221;default&#8221; header_font=&#8221;||||||||&#8221; header_text_color=&#8221;#A10000&#8243; header_font_size=&#8221;16px&#8221; body_font_size=&#8221;12px&#8221; body_line_height=&#8221;1.4em&#8221; read_more_text_color=&#8221;#0000A3&#8243; max_width_tablet=&#8221;95%&#8221; max_width_phone=&#8221;&#8221; max_width_last_edited=&#8221;on|tablet&#8221; module_alignment=&#8221;center&#8221; header_font_size_phone=&#8221;14px&#8221; header_font_size_last_edited=&#8221;off|desktop&#8221; border_width_bottom_fullwidth=&#8221;1px&#8221; border_color_bottom_fullwidth=&#8221;rgba(161,0,0,0.2)&#8221; saved_tabs=&#8221;all&#8221; global_colors_info=&#8221;{}&#8221;][\/et_pb_blog][et_pb_text _builder_version=&#8221;4.10.1&#8243; _module_preset=&#8221;default&#8221; header_2_font=&#8221;|600|||||||&#8221; header_2_text_color=&#8221;#4c0000&#8243; header_2_font_size=&#8221;40px&#8221; module_alignment=&#8221;center&#8221; custom_margin=&#8221;0px||0px||true|false&#8221; custom_padding=&#8221;0px||0px||true|false&#8221; header_2_text_align_tablet=&#8221;center&#8221; header_2_text_align_phone=&#8221;&#8221; header_2_text_align_last_edited=&#8221;on|tablet&#8221; saved_tabs=&#8221;all&#8221; global_colors_info=&#8221;{}&#8221; content__hover_enabled=&#8221;off|desktop&#8221; content__hover=&#8221;<\/p>\n<h2><span style=%22text-decoration: underline;%22><a href=%22pagina\/esentiale\/%22>C\u0103r\u0163i esen\u0163iale<\/a><\/span><\/h2>\n<p>&#8221; global_module=&#8221;1772&#8243;]<\/p>\n<h2><a href=\"..\/esoterica\">Esoterica<\/a><\/h2>\n<p>[\/et_pb_text][dnxte_divider dnext_sid_icon_color=&#8221;#727272&#8243; dnext_sid_divider_style=&#8221;double&#8221; dnext_sid_divider_color=&#8221;#d6d6d6&#8243; dnext_sid_divider_width=&#8221;3px&#8221; _builder_version=&#8221;4.9.9&#8243; _module_preset=&#8221;default&#8221; global_colors_info=&#8221;{}&#8221;][\/dnxte_divider][et_pb_blog posts_number=&#8221;3&#8243; include_categories=&#8221;16&#8243; excerpt_length=&#8221;150&#8243; show_author=&#8221;off&#8221; show_date=&#8221;off&#8221; show_categories=&#8221;off&#8221; show_pagination=&#8221;off&#8221; use_overlay=&#8221;on&#8221; overlay_icon_color=&#8221;#ffff00&#8243; hover_overlay_color=&#8221;rgba(0,0,0,0.4)&#8221; hover_icon=&#8221;%%71%%&#8221; module_class=&#8221;scaasr-blog-all scaasr-blog-side&#8221; _builder_version=&#8221;4.10.1&#8243; _module_preset=&#8221;default&#8221; header_font=&#8221;||||||||&#8221; header_text_color=&#8221;#A10000&#8243; header_font_size=&#8221;16px&#8221; body_font_size=&#8221;12px&#8221; body_line_height=&#8221;1.4em&#8221; read_more_text_color=&#8221;#0000A3&#8243; max_width_tablet=&#8221;95%&#8221; max_width_phone=&#8221;&#8221; max_width_last_edited=&#8221;on|tablet&#8221; module_alignment=&#8221;center&#8221; hover_enabled=&#8221;0&#8243; header_font_size_phone=&#8221;14px&#8221; header_font_size_last_edited=&#8221;off|desktop&#8221; border_width_bottom_fullwidth=&#8221;1px&#8221; border_color_bottom_fullwidth=&#8221;rgba(161,0,0,0.2)&#8221; global_colors_info=&#8221;{}&#8221; global_module=&#8221;1776&#8243; sticky_enabled=&#8221;0&#8243;][\/et_pb_blog][\/et_pb_column][\/et_pb_row][\/et_pb_section]<\/p>\n","protected":false},"excerpt":{"rendered":"<p>Recommended<div class=\"et_pb_module dnxte_divider dnxte_divider_0\">\n\t\t\t\t\n\t\t\t\t\n\t\t\t\t\n\t\t\t\t\n\t\t\t\t\n\t\t\t\t\n\t\t\t\t<div class=\"et_pb_module_inner\">\n\t\t\t\t\t<div class=\"dnext-sid-text-divider-wrapper\">\r\n\t\t\t\t<div class=\"dnext-sid-text-divider-before dnext-sid-text-divider\"><\/div>\r\n\t\t\t\t<span class=\"dnext-sid-text-divider-icon\">7<\/span>\r\n\t\t\t\t\r\n\t\t\t\t<div class=\"dnext-sid-text-divider-after dnext-sid-text-divider\"><\/div>\r\n\t\t\t<\/div>\n\t\t\t\t<\/div>\n\t\t\t<\/div>News<div class=\"et_pb_module dnxte_divider dnxte_divider_1\">\n\t\t\t\t\n\t\t\t\t\n\t\t\t\t\n\t\t\t\t\n\t\t\t\t\n\t\t\t\t\n\t\t\t\t<div class=\"et_pb_module_inner\">\n\t\t\t\t\t<div class=\"dnext-sid-text-divider-wrapper\">\r\n\t\t\t\t<div class=\"dnext-sid-text-divider-before dnext-sid-text-divider\"><\/div>\r\n\t\t\t\t<span class=\"dnext-sid-text-divider-icon\">7<\/span>\r\n\t\t\t\t\r\n\t\t\t\t<div class=\"dnext-sid-text-divider-after dnext-sid-text-divider\"><\/div>\r\n\t\t\t<\/div>\n\t\t\t\t<\/div>\n\t\t\t<\/div>Esoteric<div class=\"et_pb_module dnxte_divider dnxte_divider_2\">\n\t\t\t\t\n\t\t\t\t\n\t\t\t\t\n\t\t\t\t\n\t\t\t\t\n\t\t\t\t\n\t\t\t\t<div class=\"et_pb_module_inner\">\n\t\t\t\t\t<div class=\"dnext-sid-text-divider-wrapper\">\r\n\t\t\t\t<div class=\"dnext-sid-text-divider-before dnext-sid-text-divider\"><\/div>\r\n\t\t\t\t<span class=\"dnext-sid-text-divider-icon\">7<\/span>\r\n\t\t\t\t\r\n\t\t\t\t<div class=\"dnext-sid-text-divider-after dnext-sid-text-divider\"><\/div>\r\n\t\t\t<\/div>\n\t\t\t\t<\/div>\n\t\t\t<\/div><\/p>","protected":false},"author":1,"featured_media":0,"parent":0,"menu_order":0,"comment_status":"closed","ping_status":"closed","template":"","meta":{"_acf_changed":false,"_et_pb_use_builder":"on","_et_pb_old_content":"","_et_gb_content_width":"","footnotes":""},"class_list":["post-904","page","type-page","status-publish","hentry"],"acf":[],"_links":{"self":[{"href":"https:\/\/scaasr.ro\/en\/wp-json\/wp\/v2\/pages\/904","targetHints":{"allow":["GET"]}}],"collection":[{"href":"https:\/\/scaasr.ro\/en\/wp-json\/wp\/v2\/pages"}],"about":[{"href":"https:\/\/scaasr.ro\/en\/wp-json\/wp\/v2\/types\/page"}],"author":[{"embeddable":true,"href":"https:\/\/scaasr.ro\/en\/wp-json\/wp\/v2\/users\/1"}],"replies":[{"embeddable":true,"href":"https:\/\/scaasr.ro\/en\/wp-json\/wp\/v2\/comments?post=904"}],"version-history":[{"count":5,"href":"https:\/\/scaasr.ro\/en\/wp-json\/wp\/v2\/pages\/904\/revisions"}],"predecessor-version":[{"id":4548,"href":"https:\/\/scaasr.ro\/en\/wp-json\/wp\/v2\/pages\/904\/revisions\/4548"}],"wp:attachment":[{"href":"https:\/\/scaasr.ro\/en\/wp-json\/wp\/v2\/media?parent=904"}],"curies":[{"name":"wp","href":"https:\/\/api.w.org\/{rel}","templated":true}]}}