{"id":905,"date":"2017-01-18T16:14:24","date_gmt":"2017-01-18T14:14:24","guid":{"rendered":"https:\/\/scaasr.sistemecreative.ro\/?page_id=517"},"modified":"2021-10-29T07:59:17","modified_gmt":"2021-10-29T05:59:17","slug":"esoterica","status":"publish","type":"page","link":"https:\/\/scaasr.ro\/en\/esoterica\/","title":{"rendered":"Esoteric"},"content":{"rendered":"<p>[et_pb_section fb_built=&#8221;1&#8243; admin_label=&#8221;section&#8221; _builder_version=&#8221;4.9.10&#8243; custom_padding=&#8221;||||false|false&#8221; global_colors_info=&#8221;{}&#8221;][et_pb_row column_structure=&#8221;1_2,1_2&#8243; use_custom_gutter=&#8221;on&#8221; gutter_width=&#8221;2&#8243; admin_label=&#8221;row&#8221; _builder_version=&#8221;4.10.1&#8243; background_size=&#8221;initial&#8221; background_position=&#8221;top_left&#8221; background_repeat=&#8221;repeat&#8221; width=&#8221;95%&#8221; max_width=&#8221;1280px&#8221; global_colors_info=&#8221;{}&#8221;][et_pb_column type=&#8221;1_2&#8243; _builder_version=&#8221;4.9.10&#8243; custom_padding=&#8221;|15px||15px|false|true&#8221; custom_padding_tablet=&#8221;|5px||5px|false|true&#8221; custom_padding_phone=&#8221;&#8221; custom_padding_last_edited=&#8221;on|tablet&#8221; global_colors_info=&#8221;{}&#8221; custom_padding__hover=&#8221;|||&#8221;][et_pb_text admin_label=&#8221;Text&#8221; _builder_version=&#8221;4.9.10&#8243; background_size=&#8221;initial&#8221; background_position=&#8221;top_left&#8221; background_repeat=&#8221;repeat&#8221; global_colors_info=&#8221;{}&#8221;]<\/p>\n<p style=\"text-align: justify;\">C\u0103r\u021bile sunt scrise de oameni. Chiar \u0219i c\u0103r\u021bile de \u201einspira\u021bie divin\u0103\u201d, c\u0103r\u021bi esen\u021biale prin excelen\u021b\u0103, tot de m\u00e2na omului au fost scrise&#8230; \u0218i poate c\u0103 nu-i de prisos s\u0103 (re)amintesc, aici, ce spunea \u2013 \u00eentru aceasta \u2013 p\u0103rintele mitropolit Bartolomeu Anania: \u201eInspira\u021bia Duhului Sf\u00e2nt asupra autorului sacru nu e un dicteu automat, ci o stare de gra\u021bie care-i respect\u0103 personalitatea, caracterul, temperamentul, gradul de cultur\u0103, talentul literar \u0219i stilul propriu\u201d.<\/p>\n<p style=\"text-align: justify;\">La aceast\u0103 stare \u2013 <strong>de gra\u021bie<\/strong>, calificativul trebuie subliniat \u2013 se refer\u0103, cred, \u0219i Br\u00e2ncu\u0219i c\u00e2nd, din postura de <strong>mare spiritual<\/strong>, de \u00eenalt ini\u021biat \u00een ad\u00e2ncurile \u0219i tainele Artei\/Crea\u021biei, putea s\u0103 afirme: \u201eLucrurile nu sunt greu de f\u0103cut, greu e s\u0103 te pui \u00een starea de-a le face\u201d.<\/p>\n<p style=\"text-align: justify;\">Scrise de oameni, c\u0103r\u021bile sunt \u2013 ne\u00eendoios \u2013 scrise <strong>pentru<\/strong> oameni&#8230; Autorul niciunei c\u0103r\u021bi, din c\u00e2te \u0219tim, n-a r\u0103mas \u0219i singurul ei cititor; scrierea oric\u0103rei c\u0103r\u021bi vizeaz\u0103, obligatoriu, \u0219i un prezumtiv Cel\u0103lalt, deoarece cartea are, ca prim\u0103 inten\u021bie, nevoia\/dorin\u021ba \u2013 altfel zis, <strong>func\u021bia<\/strong> \u2013 de <strong>a comunica<\/strong>.<\/p>\n<p style=\"text-align: justify;\">Asta presupune c\u0103 autorul chiar are ceva \u2013 ceva important, crede el \u2013 de spus; \u0219i c\u0103 acel \u201eceva\u201d ar putea fi important \u0219i pentru Cel\u0103lalt.<\/p>\n<p style=\"text-align: justify;\">A\u0219adar, c\u0103r\u021bile de aici pornesc; \u0219i cele mai multe tot aici r\u0103m\u00e2n: fie c\u0103 importan\u021ba mesajului \u021bine de circumstan\u021be repede schimb\u0103toare, fie c\u0103 talentul e precar \u0219i stilul, caduc, c\u0103r\u021bile vin \u0219i trec. Se \u00eent\u00e2mpl\u0103.<\/p>\n<p style=\"text-align: justify;\">Exist\u0103, \u00eens\u0103, \u0219i c\u0103r\u021bi care \u2013 printr-o anume \u201estare de gra\u021bie\u201d \u2013 dep\u0103\u0219esc nivelul comunic\u0103rii; \u0219i intr\u0103, firesc, \u00een sfera cuminec\u0103rii&#8230; <strong>A cumineca<\/strong> \u00eenseamn\u0103, aici, \u201ea \u00eemp\u0103rt\u0103\u0219i cu Cel\u0103lalt\u201d; a-l face p\u0103rta\u0219 la ceea ce te-a bucurat, te-a iluminat \u00eentru Spirit \u2013 dincolo de \u201ematerialitatea\u201d, (i)mediat\u0103, a relat\u0103rii.<\/p>\n<p style=\"text-align: justify;\">Cuminecarea, sau <strong>\u00eempreuna-tr\u0103ire<\/strong> a cunoa\u0219terii, poate fi (re)tr\u0103irea \u2013 mai profund\u0103, mai intens\u0103, mai elevat\u0103 \u2013 a ceea ce Intelectul a cunoscut \u0219i asimilat&#8230; Dup\u0103 cum poate fi un alt fel de \u201eJudecat, c\u00e2nt\u0103rit, \u00eemp\u0103r\u021bit\u201d \u2013 cu accentul pe ultima sintagm\u0103.<\/p>\n<p style=\"text-align: justify;\">Aceasta ar fi, sumar conturat, <strong>sensul<\/strong> a ceea ce \u00een\u021beleg prin <strong>c\u0103r\u021bi esen\u021biale<\/strong>: sens ce le desparte de celelalte \u2013 care, \u00een \u201egama minor\u0103\u201d, pot avea \u0219i ele \u201evaloarea\u201d lor.<\/p>\n<p style=\"text-align: justify;\">\u00cei mai putem ad\u0103uga un criteriu de departajare \u2013 exprimat simplu: dec\u00e2t s\u0103 cite\u0219ti zece-dou\u0103zeci de c\u0103r\u021bi pe aceea\u0219i tem\u0103, dar care vorbesc mult \u0219i spun mai nimic, cu adev\u0103rat de folos \u021bi-ar fi una singur\u0103; una \u0219i bun\u0103, cum se zice \u2013 care brodeaz\u0103, pe tema respectiv\u0103, \u0219i-\u021bi <strong>des-v\u0103luie<\/strong>, cu impecabil\u0103 argumenta\u021bie, cam tot ce se poate spune \u0219i merit\u0103 s\u0103 fie cunoscut&#8230; Aten\u021bie, \u00eens\u0103: nicio carte nu spune \u201etotul\u201d.<\/p>\n<p style=\"text-align: justify;\">Inten\u021bie? Neputin\u021b\u0103? Greu de precizat&#8230; Oricum, o veche \u00eenv\u0103\u021b\u0103tur\u0103 avertizeaz\u0103: Cine \u0219tie zece sa spun\u0103 doar nou\u0103. De ce? \u2013 iat\u0103 o tem\u0103 de medita\u021bie.<\/p>\n<p style=\"text-align: justify;\">A\u0219adar, de aici pornim. \u0218i, \u00eentr-un ritm nici lent, nici alert, \u00ee\u021bi recomand c\u00e2te o astfel de carte. \u0218i-\u021bi doresc s\u0103 ai r\u0103gazul de-a o parcurge, c\u00e2t \u0219i r\u0103bdarea\/capacitatea de-a o pricepe; de-a z\u0103bovi cu folos \u00een <strong>interioritatea<\/strong> ei \u0219i de-a g\u0103si\/construi \u201epun\u021bi\u201d c\u0103tre propria ta interioritate.<\/p>\n<p style=\"text-align: justify;\">Ce vreau s\u0103 spun e c\u0103 simpla lectur\u0103 reprezint\u0103 doar <strong>primul consim\u021b\u0103m\u00e2nt al inteligen\u021bei<\/strong> \u2013 ceea ce nu se confund\u0103, nici pe departe, cu<strong> \u00een\u021belegerea veritabil\u0103 \u0219i integral\u0103<\/strong> a Adev\u0103rului: mai ales c\u00e2nd e vorba, ca \u00een asemenea c\u0103r\u021bi, de un <strong>adev\u0103r doctrinar<\/strong>.<\/p>\n<p style=\"text-align: justify;\">Ce fel de c\u0103r\u021bi vom prezenta?&#8230; Titlurile avut, deocamdat\u0103, \u00een vedere contureaz\u0103 un \u201egen proxim\u201d care se identific\u0103 cu era cre\u0219tin\u0103; cu Europa ultimilor dou\u0103 milenii \u0219i cu \u201etimpul istoric\u201d c\u0103ruia i se subscrie evolu\u021bia\/involu\u021bia ei.<\/p>\n<p style=\"text-align: justify;\">Am l\u0103sat de-o parte marile c\u0103r\u021bi ale Orientului \u2013 cele mai multe, anterioare acestei \u201eere\u201d \u2013 deoarece criteriul noastre e <strong>alternativ<\/strong>, nu restrictiv&#8230; Adic\u0103 vor fi prezen\u021bi autorii europeni ale c\u0103ror c\u0103r\u021bi vorbesc despre (iar unele sunt chiar ini\u021biate de) doctrinele Orientului.<\/p>\n<p style=\"text-align: justify;\">C\u0103ci, dup\u0103 cum \u0219tim, Lumina de acolo vine.<br \/>Pace \u021bie, Cititorule!<\/p>\n<p>[\/et_pb_text][\/et_pb_column][et_pb_column type=&#8221;1_2&#8243; _builder_version=&#8221;4.9.10&#8243; _module_preset=&#8221;default&#8221; custom_padding=&#8221;|15px||15px|false|true&#8221; custom_padding_tablet=&#8221;|5px||5px|false|true&#8221; custom_padding_phone=&#8221;&#8221; custom_padding_last_edited=&#8221;on|desktop&#8221; global_colors_info=&#8221;{}&#8221;][et_pb_text _builder_version=&#8221;4.10.1&#8243; _module_preset=&#8221;default&#8221; header_2_font=&#8221;|600|||||||&#8221; header_2_text_color=&#8221;#4c0000&#8243; header_2_font_size=&#8221;40px&#8221; module_alignment=&#8221;center&#8221; custom_margin=&#8221;0px||0px||true|false&#8221; custom_padding=&#8221;0px||0px||true|false&#8221; hover_enabled=&#8221;0&#8243; header_2_text_align_tablet=&#8221;center&#8221; header_2_text_align_phone=&#8221;&#8221; header_2_text_align_last_edited=&#8221;on|tablet&#8221; global_module=&#8221;1772&#8243; saved_tabs=&#8221;all&#8221; global_colors_info=&#8221;{}&#8221; content__hover_enabled=&#8221;off|desktop&#8221; content__hover=&#8221;<\/p>\n<h2><span style=%22text-decoration: underline;%22><a href=%22pagina\/esentiale\/%22>C\u0103r\u0163i esen\u0163iale<\/a><\/span><\/h2>\n<p>&#8221; link_option_url=&#8221;@ET-DC@eyJkeW5hbWljIjp0cnVlLCJjb250ZW50IjoicG9zdF9saW5rX3VybF9wYWdlIiwic2V0dGluZ3MiOnsicG9zdF9pZCI6IjUxNyJ9fQ==@&#8221; _dynamic_attributes=&#8221;link_option_url&#8221; sticky_enabled=&#8221;0&#8243;]<\/p>\n<h2>Esoteric\u0103<\/h2>\n<p>[\/et_pb_text][dnxte_divider dnext_sid_icon_color=&#8221;#727272&#8243; dnext_sid_divider_style=&#8221;double&#8221; dnext_sid_divider_color=&#8221;#d6d6d6&#8243; dnext_sid_divider_width=&#8221;3px&#8221; _builder_version=&#8221;4.9.9&#8243; _module_preset=&#8221;default&#8221; global_colors_info=&#8221;{}&#8221;][\/dnxte_divider][et_pb_blog posts_number=&#8221;3&#8243; include_categories=&#8221;14&#8243; excerpt_length=&#8221;150&#8243; show_author=&#8221;off&#8221; show_date=&#8221;off&#8221; show_categories=&#8221;off&#8221; show_pagination=&#8221;off&#8221; use_overlay=&#8221;on&#8221; overlay_icon_color=&#8221;#ffff00&#8243; hover_overlay_color=&#8221;rgba(0,0,0,0.4)&#8221; hover_icon=&#8221;%%71%%&#8221; module_class=&#8221;scaasr-blog-all scaasr-blog-side&#8221; _builder_version=&#8221;4.9.9&#8243; _module_preset=&#8221;default&#8221; header_font=&#8221;||||||||&#8221; header_text_color=&#8221;#A10000&#8243; header_font_size=&#8221;16px&#8221; body_font_size=&#8221;12px&#8221; body_line_height=&#8221;1.4em&#8221; read_more_text_color=&#8221;#0000A3&#8243; max_width_tablet=&#8221;95%&#8221; max_width_phone=&#8221;&#8221; max_width_last_edited=&#8221;on|tablet&#8221; module_alignment=&#8221;center&#8221; header_font_size_phone=&#8221;14px&#8221; header_font_size_last_edited=&#8221;off|desktop&#8221; border_width_bottom_fullwidth=&#8221;1px&#8221; border_color_bottom_fullwidth=&#8221;rgba(161,0,0,0.2)&#8221; global_module=&#8221;1776&#8243; global_colors_info=&#8221;{}&#8221;][\/et_pb_blog][\/et_pb_column][\/et_pb_row][\/et_pb_section]<\/p>\n","protected":false},"excerpt":{"rendered":"<p>C\u0103r\u021bile sunt scrise de oameni. Chiar \u0219i c\u0103r\u021bile de \u201einspira\u021bie divin\u0103\u201d, c\u0103r\u021bi esen\u021biale prin excelen\u021b\u0103, tot de m\u00e2na omului au fost scrise&#8230; \u0218i poate c\u0103 nu-i de prisos s\u0103 (re)amintesc, aici, ce spunea \u2013 \u00eentru aceasta \u2013 p\u0103rintele mitropolit Bartolomeu Anania: \u201eInspira\u021bia Duhului Sf\u00e2nt asupra autorului sacru nu e un dicteu automat, ci o stare [&hellip;]<\/p>\n","protected":false},"author":1,"featured_media":0,"parent":0,"menu_order":0,"comment_status":"closed","ping_status":"closed","template":"","meta":{"_acf_changed":false,"_et_pb_use_builder":"on","_et_pb_old_content":"<h1 style=\"text-align: justify;\">C\u0103r\u021bi esen\u021biale<\/h1>\n<p style=\"text-align: justify;\">C\u0103r\u021bile sunt scrise de oameni. Chiar \u0219i c\u0103r\u021bile de \u201einspira\u021bie divin\u0103\u201d, c\u0103r\u021bi esen\u021biale prin excelen\u021b\u0103, tot de m\u00e2na omului au fost scrise... \u0218i poate c\u0103 nu-i de prisos s\u0103 (re)amintesc, aici, ce spunea \u2013 \u00eentru aceasta \u2013 p\u0103rintele mitropolit Bartolomeu Anania: \u201eInspira\u021bia Duhului Sf\u00e2nt asupra autorului sacru nu e un dicteu automat, ci o stare de gra\u021bie care-i respect\u0103 personalitatea, caracterul, temperamentul, gradul de cultur\u0103, talentul literar \u0219i stilul propriu\u201d.<\/p>\n<p style=\"text-align: justify;\">La aceast\u0103 stare \u2013 <strong>de gra\u021bie<\/strong>, calificativul trebuie subliniat \u2013 se refer\u0103, cred, \u0219i Br\u00e2ncu\u0219i c\u00e2nd, din postura de <strong>mare spiritual<\/strong>, de \u00eenalt ini\u021biat \u00een ad\u00e2ncurile \u0219i tainele Artei\/Crea\u021biei, putea s\u0103 afirme: \u201eLucrurile nu sunt greu de f\u0103cut, greu e s\u0103 te pui \u00een starea de-a le face\u201d.<\/p>\n<p style=\"text-align: justify;\">Scrise de oameni, c\u0103r\u021bile sunt \u2013 ne\u00eendoios \u2013 scrise <strong>pentru<\/strong> oameni... Autorul niciunei c\u0103r\u021bi, din c\u00e2te \u0219tim, n-a r\u0103mas \u0219i singurul ei cititor; scrierea oric\u0103rei c\u0103r\u021bi vizeaz\u0103, obligatoriu, \u0219i un prezumtiv Cel\u0103lalt, deoarece cartea are, ca prim\u0103 inten\u021bie, nevoia\/dorin\u021ba \u2013 altfel zis, <strong>func\u021bia<\/strong> \u2013 de <strong>a comunica<\/strong>.<\/p>\n<p style=\"text-align: justify;\">Asta presupune c\u0103 autorul chiar are ceva \u2013 ceva important, crede el \u2013 de spus; \u0219i c\u0103 acel \u201eceva\u201d ar putea fi important \u0219i pentru Cel\u0103lalt.<\/p>\n<p style=\"text-align: justify;\">A\u0219adar, c\u0103r\u021bile de aici pornesc; \u0219i cele mai multe tot aici r\u0103m\u00e2n: fie c\u0103 importan\u021ba mesajului \u021bine de circumstan\u021be repede schimb\u0103toare, fie c\u0103 talentul e precar \u0219i stilul, caduc, c\u0103r\u021bile vin \u0219i trec. Se \u00eent\u00e2mpl\u0103.<\/p>\n<p style=\"text-align: justify;\">Exist\u0103, \u00eens\u0103, \u0219i c\u0103r\u021bi care \u2013 printr-o anume \u201estare de gra\u021bie\u201d \u2013 dep\u0103\u0219esc nivelul comunic\u0103rii; \u0219i intr\u0103, firesc, \u00een sfera cuminec\u0103rii... <strong>A cumineca<\/strong> \u00eenseamn\u0103, aici, \u201ea \u00eemp\u0103rt\u0103\u0219i cu Cel\u0103lalt\u201d; a-l face p\u0103rta\u0219 la ceea ce te-a bucurat, te-a iluminat \u00eentru Spirit \u2013 dincolo de \u201ematerialitatea\u201d, (i)mediat\u0103, a relat\u0103rii.<\/p>\n<p style=\"text-align: justify;\">Cuminecarea, sau <strong>\u00eempreuna-tr\u0103ire<\/strong> a cunoa\u0219terii, poate fi (re)tr\u0103irea \u2013 mai profund\u0103, mai intens\u0103, mai elevat\u0103 \u2013 a ceea ce Intelectul a cunoscut \u0219i asimilat... Dup\u0103 cum poate fi un alt fel de \u201eJudecat, c\u00e2nt\u0103rit, \u00eemp\u0103r\u021bit\u201d \u2013 cu accentul pe ultima sintagm\u0103.<\/p>\n<p style=\"text-align: justify;\">Aceasta ar fi, sumar conturat, <strong>sensul<\/strong> a ceea ce \u00een\u021beleg prin <strong>c\u0103r\u021bi esen\u021biale<\/strong>: sens ce le desparte de celelalte \u2013 care, \u00een \u201egama minor\u0103\u201d, pot avea \u0219i ele \u201evaloarea\u201d lor.<\/p>\n<p style=\"text-align: justify;\">\u00cei mai putem ad\u0103uga un criteriu de departajare \u2013 exprimat simplu: dec\u00e2t s\u0103 cite\u0219ti zece-dou\u0103zeci de c\u0103r\u021bi pe aceea\u0219i tem\u0103, dar care vorbesc mult \u0219i spun mai nimic, cu adev\u0103rat de folos \u021bi-ar fi una singur\u0103; una \u0219i bun\u0103, cum se zice \u2013 care brodeaz\u0103, pe tema respectiv\u0103, \u0219i-\u021bi <strong>des-v\u0103luie<\/strong>, cu impecabil\u0103 argumenta\u021bie, cam tot ce se poate spune \u0219i merit\u0103 s\u0103 fie cunoscut... Aten\u021bie, \u00eens\u0103: nicio carte nu spune \u201etotul\u201d.<\/p>\n<p style=\"text-align: justify;\">Inten\u021bie? Neputin\u021b\u0103? Greu de precizat... Oricum, o veche \u00eenv\u0103\u021b\u0103tur\u0103 avertizeaz\u0103: Cine \u0219tie zece sa spun\u0103 doar nou\u0103. De ce? \u2013 iat\u0103 o tem\u0103 de medita\u021bie.<\/p>\n<p style=\"text-align: justify;\">A\u0219adar, de aici pornim. \u0218i, \u00eentr-un ritm nici lent, nici alert, \u00ee\u021bi recomand c\u00e2te o astfel de carte. \u0218i-\u021bi doresc s\u0103 ai r\u0103gazul de-a o parcurge, c\u00e2t \u0219i r\u0103bdarea\/capacitatea de-a o pricepe; de-a z\u0103bovi cu folos \u00een <strong>interioritatea<\/strong> ei \u0219i de-a g\u0103si\/construi \u201epun\u021bi\u201d c\u0103tre propria ta interioritate.<\/p>\n<p style=\"text-align: justify;\">Ce vreau s\u0103 spun e c\u0103 simpla lectur\u0103 reprezint\u0103 doar <strong>primul consim\u021b\u0103m\u00e2nt al inteligen\u021bei<\/strong> \u2013 ceea ce nu se confund\u0103, nici pe departe, cu<strong> \u00een\u021belegerea veritabil\u0103 \u0219i integral\u0103<\/strong> a Adev\u0103rului: mai ales c\u00e2nd e vorba, ca \u00een asemenea c\u0103r\u021bi, de un <strong>adev\u0103r doctrinar<\/strong>.<\/p>\n<p style=\"text-align: justify;\">Ce fel de c\u0103r\u021bi vom prezenta?... Titlurile avut, deocamdat\u0103, \u00een vedere contureaz\u0103 un \u201egen proxim\u201d care se identific\u0103 cu era cre\u0219tin\u0103; cu Europa ultimilor dou\u0103 milenii \u0219i cu \u201etimpul istoric\u201d c\u0103ruia i se subscrie evolu\u021bia\/involu\u021bia ei.<\/p>\n<p style=\"text-align: justify;\">Am l\u0103sat de-o parte marile c\u0103r\u021bi ale Orientului \u2013 cele mai multe, anterioare acestei \u201eere\u201d \u2013 deoarece criteriul noastre e <strong>alternativ<\/strong>, nu restrictiv... Adic\u0103 vor fi prezen\u021bi autorii europeni ale c\u0103ror c\u0103r\u021bi vorbesc despre (iar unele sunt chiar ini\u021biate de) doctrinele Orientului.<\/p>\n<p style=\"text-align: justify;\">C\u0103ci, dup\u0103 cum \u0219tim, Lumina de acolo vine.\nPace \u021bie, Cititorule!<\/p>","_et_gb_content_width":"","footnotes":""},"class_list":["post-905","page","type-page","status-publish","hentry"],"acf":[],"_links":{"self":[{"href":"https:\/\/scaasr.ro\/en\/wp-json\/wp\/v2\/pages\/905","targetHints":{"allow":["GET"]}}],"collection":[{"href":"https:\/\/scaasr.ro\/en\/wp-json\/wp\/v2\/pages"}],"about":[{"href":"https:\/\/scaasr.ro\/en\/wp-json\/wp\/v2\/types\/page"}],"author":[{"embeddable":true,"href":"https:\/\/scaasr.ro\/en\/wp-json\/wp\/v2\/users\/1"}],"replies":[{"embeddable":true,"href":"https:\/\/scaasr.ro\/en\/wp-json\/wp\/v2\/comments?post=905"}],"version-history":[{"count":2,"href":"https:\/\/scaasr.ro\/en\/wp-json\/wp\/v2\/pages\/905\/revisions"}],"predecessor-version":[{"id":2660,"href":"https:\/\/scaasr.ro\/en\/wp-json\/wp\/v2\/pages\/905\/revisions\/2660"}],"wp:attachment":[{"href":"https:\/\/scaasr.ro\/en\/wp-json\/wp\/v2\/media?parent=905"}],"curies":[{"name":"wp","href":"https:\/\/api.w.org\/{rel}","templated":true}]}}